{"id":494,"date":"2025-09-01T09:00:06","date_gmt":"2025-09-01T09:00:06","guid":{"rendered":"https:\/\/staging.nellyblessinga.com\/?page_id=494"},"modified":"2026-02-06T15:01:28","modified_gmt":"2026-02-06T15:01:28","slug":"cedric-gahie","status":"publish","type":"page","link":"https:\/\/staging.nellyblessinga.com\/index.php\/cedric-gahie\/","title":{"rendered":"C\u00e9dric Gahi\u00e9"},"content":{"rendered":"<style>.kb-row-layout-id494_b2628e-4b > .kt-row-column-wrap{align-content:start;}:where(.kb-row-layout-id494_b2628e-4b > .kt-row-column-wrap) > .wp-block-kadence-column{justify-content:start;}.kb-row-layout-id494_b2628e-4b > .kt-row-column-wrap{column-gap:10px;row-gap:var(--global-kb-gap-none, 0rem );max-width:1100px;margin-left:auto;margin-right:auto;padding-top:var(--global-kb-spacing-5xl, 10rem);padding-bottom:var(--global-kb-spacing-5xl, 10rem);grid-template-columns:minmax(0, calc(35% - ((10px * 1 )\/2)))minmax(0, calc(65% - ((10px * 1 )\/2)));}.kb-row-layout-id494_b2628e-4b > .kt-row-layout-overlay{opacity:0.30;}@media all and (max-width: 1024px){.kb-row-layout-id494_b2628e-4b > .kt-row-column-wrap{column-gap:var(--global-kb-gap-sm, 1rem);padding-top:var(--global-kb-spacing-md, 2rem);padding-bottom:var(--global-kb-spacing-3xl, 6.5rem);grid-template-columns:minmax(0, 1fr) minmax(0, 2fr);}}@media all and (max-width: 767px){.kb-row-layout-id494_b2628e-4b > .kt-row-column-wrap{row-gap:var(--global-kb-gap-sm, 1rem);padding-top:var(--global-kb-spacing-md, 2rem);grid-template-columns:minmax(0, 1fr);}}<\/style><div class=\"kb-row-layout-wrap kb-row-layout-id494_b2628e-4b alignnone has-theme-palette8-background-color kt-row-has-bg wp-block-kadence-rowlayout\"><div class=\"kt-row-column-wrap kt-has-2-columns kt-row-layout-equal kt-tab-layout-right-golden kt-mobile-layout-row kt-row-valign-top kt-inner-column-height-full\">\n<style>.kadence-column494_5b455e-0b > .kt-inside-inner-col{padding-top:var(--global-kb-spacing-sm, 1.5rem);padding-right:var(--global-kb-spacing-sm, 1.5rem);padding-bottom:var(--global-kb-spacing-sm, 1.5rem);padding-left:var(--global-kb-spacing-sm, 1.5rem);}.kadence-column494_5b455e-0b > .kt-inside-inner-col,.kadence-column494_5b455e-0b > .kt-inside-inner-col:before{border-top-left-radius:0px;border-top-right-radius:0px;border-bottom-right-radius:0px;border-bottom-left-radius:0px;}.kadence-column494_5b455e-0b > .kt-inside-inner-col{column-gap:var(--global-kb-gap-sm, 1rem);}.kadence-column494_5b455e-0b > .kt-inside-inner-col{flex-direction:column;}.kadence-column494_5b455e-0b > .kt-inside-inner-col > .aligncenter{width:100%;}.kadence-column494_5b455e-0b > .kt-inside-inner-col{background-color:var(--global-palette7, #EDF2F7);}.kadence-column494_5b455e-0b > .kt-inside-inner-col:before{opacity:0.3;}.kadence-column494_5b455e-0b{position:relative;}@media all and (max-width: 1024px){.kadence-column494_5b455e-0b > .kt-inside-inner-col{flex-direction:column;justify-content:center;}}@media all and (max-width: 767px){.kadence-column494_5b455e-0b > .kt-inside-inner-col{flex-direction:column;justify-content:center;}}<\/style>\n<div class=\"wp-block-kadence-column kadence-column494_5b455e-0b\"><div class=\"kt-inside-inner-col\"><style>.kb-image494_cee6ed-e0 .kb-image-has-overlay:after{opacity:0.3;}<\/style>\n<figure class=\"wp-block-kadence-image kb-image494_cee6ed-e0 size-full\"><img loading=\"lazy\" decoding=\"async\" width=\"350\" height=\"450\" src=\"https:\/\/staging.nellyblessinga.com\/wp-content\/uploads\/2025\/09\/Cedric-Gahie.jpg\" alt=\"\" class=\"kb-img wp-image-498\" srcset=\"https:\/\/staging.nellyblessinga.com\/wp-content\/uploads\/2025\/09\/Cedric-Gahie.jpg 350w, https:\/\/staging.nellyblessinga.com\/wp-content\/uploads\/2025\/09\/Cedric-Gahie-233x300.jpg 233w\" sizes=\"auto, (max-width: 350px) 100vw, 350px\" \/><\/figure>\n\n\n<style>.wp-block-kadence-advancedheading.kt-adv-heading494_c93c9d-ee, .wp-block-kadence-advancedheading.kt-adv-heading494_c93c9d-ee[data-kb-block=\"kb-adv-heading494_c93c9d-ee\"]{font-style:normal;}.wp-block-kadence-advancedheading.kt-adv-heading494_c93c9d-ee mark.kt-highlight, .wp-block-kadence-advancedheading.kt-adv-heading494_c93c9d-ee[data-kb-block=\"kb-adv-heading494_c93c9d-ee\"] mark.kt-highlight{font-style:normal;color:#f76a0c;-webkit-box-decoration-break:clone;box-decoration-break:clone;padding-top:0px;padding-right:0px;padding-bottom:0px;padding-left:0px;}.wp-block-kadence-advancedheading.kt-adv-heading494_c93c9d-ee img.kb-inline-image, .wp-block-kadence-advancedheading.kt-adv-heading494_c93c9d-ee[data-kb-block=\"kb-adv-heading494_c93c9d-ee\"] img.kb-inline-image{width:150px;vertical-align:baseline;}<\/style>\n<h2 class=\"kt-adv-heading494_c93c9d-ee wp-block-kadence-advancedheading\" data-kb-block=\"kb-adv-heading494_c93c9d-ee\"><strong>C\u00e9dric Gahi\u00e9<\/strong><\/h2>\n\n\n<style>.wp-block-kadence-spacer.kt-block-spacer-494_bf702a-3b .kt-block-spacer{height:20px;}.wp-block-kadence-spacer.kt-block-spacer-494_bf702a-3b .kt-divider{border-top-width:1px;height:1px;border-top-color:var(--global-palette1, #3182CE);width:100%;border-top-style:solid;}<\/style>\n<div class=\"wp-block-kadence-spacer aligncenter kt-block-spacer-494_bf702a-3b\"><div class=\"kt-block-spacer kt-block-spacer-halign-center\"><hr class=\"kt-divider\"\/><\/div><\/div>\n\n\n<style>.wp-block-kadence-advancedheading.kt-adv-heading494_aaa584-11, .wp-block-kadence-advancedheading.kt-adv-heading494_aaa584-11[data-kb-block=\"kb-adv-heading494_aaa584-11\"]{font-style:normal;}.wp-block-kadence-advancedheading.kt-adv-heading494_aaa584-11 mark.kt-highlight, .wp-block-kadence-advancedheading.kt-adv-heading494_aaa584-11[data-kb-block=\"kb-adv-heading494_aaa584-11\"] mark.kt-highlight{font-style:normal;color:#f76a0c;-webkit-box-decoration-break:clone;box-decoration-break:clone;padding-top:0px;padding-right:0px;padding-bottom:0px;padding-left:0px;}.wp-block-kadence-advancedheading.kt-adv-heading494_aaa584-11 img.kb-inline-image, .wp-block-kadence-advancedheading.kt-adv-heading494_aaa584-11[data-kb-block=\"kb-adv-heading494_aaa584-11\"] img.kb-inline-image{width:150px;vertical-align:baseline;}<\/style>\n<p class=\"kt-adv-heading494_aaa584-11 wp-block-kadence-advancedheading\" data-kb-block=\"kb-adv-heading494_aaa584-11\"><strong>Paralegal<\/strong><\/p>\n\n\n<style>.wp-block-kadence-iconlist.kt-svg-icon-list-items494_58ff26-1a:not(.this-stops-third-party-issues){margin-top:0px;margin-bottom:0px;}.wp-block-kadence-iconlist.kt-svg-icon-list-items494_58ff26-1a ul.kt-svg-icon-list:not(.this-prevents-issues):not(.this-stops-third-party-issues):not(.tijsloc){margin-top:0px;margin-right:0px;margin-bottom:var(--global-kb-spacing-sm, 1.5rem);margin-left:0px;}.wp-block-kadence-iconlist.kt-svg-icon-list-items494_58ff26-1a ul.kt-svg-icon-list{grid-row-gap:5px;}.wp-block-kadence-iconlist.kt-svg-icon-list-items494_58ff26-1a .kb-svg-icon-wrap{font-size:20px;color:var(--global-palette1, #3182CE);}.wp-block-kadence-iconlist.kt-svg-icon-list-items494_58ff26-1a ul.kt-svg-icon-list .kt-svg-icon-list-item-wrap .kt-svg-icon-list-single{margin-right:10px;}.kt-svg-icon-list-items494_58ff26-1a ul.kt-svg-icon-list .kt-svg-icon-list-level-0 .kt-svg-icon-list-single svg{font-size:20px;}<\/style>\n<div class=\"wp-block-kadence-iconlist kt-svg-icon-list-items kt-svg-icon-list-items494_58ff26-1a kt-svg-icon-list-columns-1 alignnone kt-list-icon-aligntop\"><ul class=\"kt-svg-icon-list\"><style>.kt-svg-icon-list-item-494_e6e522-1f .kt-svg-icon-list-text mark.kt-highlight{background-color:unset;font-style:normal;color:#f76a0c;-webkit-box-decoration-break:clone;box-decoration-break:clone;padding-top:0px;padding-right:0px;padding-bottom:0px;padding-left:0px;}<\/style>\n<li class=\"wp-block-kadence-listitem kt-svg-icon-list-item-wrap kt-svg-icon-list-item-494_e6e522-1f\"><span class=\"kb-svg-icon-wrap kb-svg-icon-fas_phone kt-svg-icon-list-single\"><svg viewBox=\"0 0 512 512\"  fill=\"currentColor\" xmlns=\"http:\/\/www.w3.org\/2000\/svg\"  aria-hidden=\"true\"><path d=\"M493.4 24.6l-104-24c-11.3-2.6-22.9 3.3-27.5 13.9l-48 112c-4.2 9.8-1.4 21.3 6.9 28l60.6 49.6c-36 76.7-98.9 140.5-177.2 177.2l-49.6-60.6c-6.8-8.3-18.2-11.1-28-6.9l-112 48C3.9 366.5-2 378.1.6 389.4l24 104C27.1 504.2 36.7 512 48 512c256.1 0 464-207.5 464-464 0-11.2-7.7-20.9-18.6-23.4z\"\/><\/svg><\/span><span class=\"kt-svg-icon-list-text\">+31 (0)20-520 65 83<\/span><\/li>\n\n\n<style>.kt-svg-icon-list-item-494_c36d60-2f .kt-svg-icon-list-text mark.kt-highlight{background-color:unset;font-style:normal;color:#f76a0c;-webkit-box-decoration-break:clone;box-decoration-break:clone;padding-top:0px;padding-right:0px;padding-bottom:0px;padding-left:0px;}<\/style>\n<li class=\"wp-block-kadence-listitem kt-svg-icon-list-item-wrap kt-svg-icon-list-item-494_c36d60-2f\"><span class=\"kb-svg-icon-wrap kb-svg-icon-kb_email-solid kt-svg-icon-list-single\"><svg viewBox=\"0 0 24 24\"  fill=\"currentColor\" xmlns=\"http:\/\/www.w3.org\/2000\/svg\"  aria-hidden=\"true\"><path d=\"M12 12.5l9-5.06V6c0-1.1-.9-2-2-2H5c-1.1 0-2 .9-2 2v1.44l9 5.06z\"\/><path d=\"M12 13.5l-9-5.06V18c0 1.1.9 2 2 2h14c1.1 0 2-.9 2-2V8.44l-9 5.06z\"\/><\/svg><\/span><span class=\"kt-svg-icon-list-text\">&nbsp;info@aim-advocaten.nl<\/span><\/li>\n<\/ul><\/div>\n<\/div><\/div>\n\n\n<style>.kadence-column494_992fe6-75 > .kt-inside-inner-col{padding-top:var(--global-kb-spacing-md, 2rem);padding-right:var(--global-kb-spacing-xs, 1rem);padding-bottom:var(--global-kb-spacing-md, 2rem);padding-left:var(--global-kb-spacing-xs, 1rem);}.kadence-column494_992fe6-75 > .kt-inside-inner-col,.kadence-column494_992fe6-75 > .kt-inside-inner-col:before{border-top-left-radius:0px;border-top-right-radius:0px;border-bottom-right-radius:0px;border-bottom-left-radius:0px;}.kadence-column494_992fe6-75 > .kt-inside-inner-col{column-gap:var(--global-kb-gap-sm, 1rem);}.kadence-column494_992fe6-75 > .kt-inside-inner-col{flex-direction:column;}.kadence-column494_992fe6-75 > .kt-inside-inner-col > .aligncenter{width:100%;}.kadence-column494_992fe6-75 > .kt-inside-inner-col{background-color:var(--global-palette9, #ffffff);}.kadence-column494_992fe6-75 > .kt-inside-inner-col:before{opacity:0.3;}.kadence-column494_992fe6-75{position:relative;}@media all and (max-width: 1024px){.kadence-column494_992fe6-75 > .kt-inside-inner-col{flex-direction:column;justify-content:center;}}@media all and (max-width: 767px){.kadence-column494_992fe6-75 > .kt-inside-inner-col{flex-direction:column;justify-content:center;}}<\/style>\n<div class=\"wp-block-kadence-column kadence-column494_992fe6-75\"><div class=\"kt-inside-inner-col\"><style>.wp-block-kadence-advancedheading.kt-adv-heading494_705f8d-31, .wp-block-kadence-advancedheading.kt-adv-heading494_705f8d-31[data-kb-block=\"kb-adv-heading494_705f8d-31\"]{font-style:normal;}.wp-block-kadence-advancedheading.kt-adv-heading494_705f8d-31 mark.kt-highlight, .wp-block-kadence-advancedheading.kt-adv-heading494_705f8d-31[data-kb-block=\"kb-adv-heading494_705f8d-31\"] mark.kt-highlight{font-style:normal;color:#f76a0c;-webkit-box-decoration-break:clone;box-decoration-break:clone;padding-top:0px;padding-right:0px;padding-bottom:0px;padding-left:0px;}.wp-block-kadence-advancedheading.kt-adv-heading494_705f8d-31 img.kb-inline-image, .wp-block-kadence-advancedheading.kt-adv-heading494_705f8d-31[data-kb-block=\"kb-adv-heading494_705f8d-31\"] img.kb-inline-image{width:150px;vertical-align:baseline;}<\/style>\n<h2 class=\"kt-adv-heading494_705f8d-31 wp-block-kadence-advancedheading\" data-kb-block=\"kb-adv-heading494_705f8d-31\">Achtergrond<\/h2>\n\n\n\n<p>Sinds mei 2025 is C\u00e9dric als paralegal (studentmedewerker) verbonden aan AIM Advocaten. Naast zijn werkzaamheden bij het kantoor volgt hij de studie Rechtsgeleerdheid aan de Universiteit van Amsterdam.<\/p>\n<\/div><\/div>\n\n<\/div><\/div>","protected":false},"excerpt":{"rendered":"<p>C\u00e9dric Gahi\u00e9 Paralegal Achtergrond Sinds mei 2025 is C\u00e9dric als paralegal (studentmedewerker) verbonden aan AIM Advocaten. Naast zijn werkzaamheden bij het kantoor volgt hij de studie Rechtsgeleerdheid aan de Universiteit van Amsterdam.<\/p>\n","protected":false},"author":1,"featured_media":0,"parent":0,"menu_order":0,"comment_status":"closed","ping_status":"closed","template":"","meta":{"_kad_post_transparent":"enable","_kad_post_title":"hide","_kad_post_layout":"fullwidth","_kad_post_sidebar_id":"","_kad_post_content_style":"unboxed","_kad_post_vertical_padding":"","_kad_post_feature":"","_kad_post_feature_position":"","_kad_post_header":false,"_kad_post_footer":false,"_kad_post_classname":"","footnotes":""},"class_list":["post-494","page","type-page","status-publish","hentry"],"_links":{"self":[{"href":"https:\/\/staging.nellyblessinga.com\/index.php\/wp-json\/wp\/v2\/pages\/494","targetHints":{"allow":["GET"]}}],"collection":[{"href":"https:\/\/staging.nellyblessinga.com\/index.php\/wp-json\/wp\/v2\/pages"}],"about":[{"href":"https:\/\/staging.nellyblessinga.com\/index.php\/wp-json\/wp\/v2\/types\/page"}],"author":[{"embeddable":true,"href":"https:\/\/staging.nellyblessinga.com\/index.php\/wp-json\/wp\/v2\/users\/1"}],"replies":[{"embeddable":true,"href":"https:\/\/staging.nellyblessinga.com\/index.php\/wp-json\/wp\/v2\/comments?post=494"}],"version-history":[{"count":0,"href":"https:\/\/staging.nellyblessinga.com\/index.php\/wp-json\/wp\/v2\/pages\/494\/revisions"}],"wp:attachment":[{"href":"https:\/\/staging.nellyblessinga.com\/index.php\/wp-json\/wp\/v2\/media?parent=494"}],"curies":[{"name":"wp","href":"https:\/\/api.w.org\/{rel}","templated":true}]}}